{"id":18,"date":"2022-01-21T01:24:49","date_gmt":"2022-01-21T01:24:49","guid":{"rendered":"https:\/\/buscapelasaude.com\/?page_id=18"},"modified":"2022-08-03T11:57:43","modified_gmt":"2022-08-03T14:57:43","slug":"sobre","status":"publish","type":"page","link":"https:\/\/buscapelasaude.com\/en\/sobre\/","title":{"rendered":"Sobre"},"content":{"rendered":"<p>O Busca pela Sa\u00fade \u00e9 um espa\u00e7o inteiramente informativo que fala sobre temas relacionados a sa\u00fade, nutri\u00e7\u00e3o, educa\u00e7\u00e3o alimentar e bem-estar, n\u00e3o deve ser utilizado como nenhum substituto  m\u00e9dico ou tratamento, consulte um profissional de sa\u00fade.<\/p>","protected":false},"excerpt":{"rendered":"<p>O Busca pela Sa\u00fade \u00e9 um espa\u00e7o inteiramente informativo que fala sobre temas relacionados a sa\u00fade, nutri\u00e7\u00e3o, educa\u00e7\u00e3o alimentar e bem-estar, n\u00e3o deve ser utilizado como nenhum substituto m\u00e9dico ou tratamento, consulte um profissional de sa\u00fade.<\/p>","protected":false},"author":1,"featured_media":0,"parent":0,"menu_order":0,"comment_status":"closed","ping_status":"closed","template":"","meta":{"_themeisle_gutenberg_block_has_review":false,"footnotes":""},"class_list":["post-18","page","type-page","status-publish","hentry"],"jetpack-related-posts":[],"jetpack_sharing_enabled":true,"_links":{"self":[{"href":"https:\/\/buscapelasaude.com\/en\/wp-json\/wp\/v2\/pages\/18","targetHints":{"allow":["GET"]}}],"collection":[{"href":"https:\/\/buscapelasaude.com\/en\/wp-json\/wp\/v2\/pages"}],"about":[{"href":"https:\/\/buscapelasaude.com\/en\/wp-json\/wp\/v2\/types\/page"}],"author":[{"embeddable":true,"href":"https:\/\/buscapelasaude.com\/en\/wp-json\/wp\/v2\/users\/1"}],"replies":[{"embeddable":true,"href":"https:\/\/buscapelasaude.com\/en\/wp-json\/wp\/v2\/comments?post=18"}],"version-history":[{"count":2,"href":"https:\/\/buscapelasaude.com\/en\/wp-json\/wp\/v2\/pages\/18\/revisions"}],"predecessor-version":[{"id":97,"href":"https:\/\/buscapelasaude.com\/en\/wp-json\/wp\/v2\/pages\/18\/revisions\/97"}],"wp:attachment":[{"href":"https:\/\/buscapelasaude.com\/en\/wp-json\/wp\/v2\/media?parent=18"}],"curies":[{"name":"wp","href":"https:\/\/api.w.org\/{rel}","templated":true}]}}